{"id":1436,"date":"2024-01-12T14:24:22","date_gmt":"2024-01-12T14:24:22","guid":{"rendered":"https:\/\/ecograficas.recursodidactico.com\/?page_id=1436"},"modified":"2024-06-18T10:07:47","modified_gmt":"2024-06-18T10:07:47","slug":"construye-una-papelera-de-reciclaje","status":"publish","type":"page","link":"https:\/\/ecograficas.recursodidactico.com\/?page_id=1436","title":{"rendered":"Construye una papelera de reciclaje"},"content":{"rendered":"\n<div style=\"height:35px\" aria-hidden=\"true\" class=\"wp-block-spacer\"><\/div>\n\n\n\n<p>Dise\u00f1a y construye una papelera de reciclaje para la clase con cart\u00f3n corrugado reciclado.<\/p>\n\n\n\n<p>Se trata de que elabores un dise\u00f1o original. Utiliza la estructura dada empleando solo colores de proceso. <\/p>\n\n\n\n<div style=\"height:31px\" aria-hidden=\"true\" class=\"wp-block-spacer\"><\/div>\n\n\n\n<figure class=\"wp-block-image aligncenter size-large is-resized\"><img loading=\"lazy\" decoding=\"async\" width=\"1024\" height=\"980\" src=\"https:\/\/ecograficas.recursodidactico.com\/wp-content\/uploads\/2024\/01\/Captura-de-pantalla-2024-01-14-a-las-9.46.19-1024x980.jpg\" alt=\"\" class=\"wp-image-1467\" style=\"width:181px;height:auto\" srcset=\"https:\/\/ecograficas.recursodidactico.com\/wp-content\/uploads\/2024\/01\/Captura-de-pantalla-2024-01-14-a-las-9.46.19-1024x980.jpg 1024w, https:\/\/ecograficas.recursodidactico.com\/wp-content\/uploads\/2024\/01\/Captura-de-pantalla-2024-01-14-a-las-9.46.19-300x287.jpg 300w, https:\/\/ecograficas.recursodidactico.com\/wp-content\/uploads\/2024\/01\/Captura-de-pantalla-2024-01-14-a-las-9.46.19-768x735.jpg 768w, https:\/\/ecograficas.recursodidactico.com\/wp-content\/uploads\/2024\/01\/Captura-de-pantalla-2024-01-14-a-las-9.46.19.jpg 1266w\" sizes=\"auto, (max-width: 1024px) 100vw, 1024px\" \/><\/figure>\n\n\n\n<div data-wp-interactive=\"core\/file\" class=\"wp-block-file\"><object data-wp-bind--hidden=\"!state.hasPdfPreview\" hidden class=\"wp-block-file__embed\" data=\"https:\/\/ecograficas.recursodidactico.com\/wp-content\/uploads\/2024\/01\/papelera-acotaciones.pdf\" type=\"application\/pdf\" style=\"width:100%;height:218px\" aria-label=\"Incrustado de Papelera de cart\u00f3n reciclado corrugado.\"><\/object><a id=\"wp-block-file--media-6eee4bdf-f81c-4a62-9ca3-3695c2ef66dc\" href=\"https:\/\/ecograficas.recursodidactico.com\/wp-content\/uploads\/2024\/01\/papelera-acotaciones.pdf\">Papelera de cart\u00f3n reciclado corrugado<\/a><a href=\"https:\/\/ecograficas.recursodidactico.com\/wp-content\/uploads\/2024\/01\/papelera-acotaciones.pdf\" class=\"wp-block-file__button wp-element-button\" download aria-describedby=\"wp-block-file--media-6eee4bdf-f81c-4a62-9ca3-3695c2ef66dc\">Descarga<\/a><\/div>\n","protected":false},"excerpt":{"rendered":"<p>Dise\u00f1a y construye una papelera de reciclaje para la clase con cart\u00f3n corrugado reciclado. Se trata de que elabores un dise\u00f1o original. Utiliza la estructura dada empleando solo colores de proceso.<\/p>\n","protected":false},"author":1,"featured_media":0,"parent":1144,"menu_order":0,"comment_status":"closed","ping_status":"closed","template":"","meta":{"_uag_custom_page_level_css":"","site-sidebar-layout":"default","site-content-layout":"","ast-site-content-layout":"default","site-content-style":"default","site-sidebar-style":"default","ast-global-header-display":"","ast-banner-title-visibility":"","ast-main-header-display":"","ast-hfb-above-header-display":"","ast-hfb-below-header-display":"","ast-hfb-mobile-header-display":"","site-post-title":"","ast-breadcrumbs-content":"","ast-featured-img":"","footer-sml-layout":"","theme-transparent-header-meta":"","adv-header-id-meta":"","stick-header-meta":"","header-above-stick-meta":"","header-main-stick-meta":"","header-below-stick-meta":"","astra-migrate-meta-layouts":"set","ast-page-background-enabled":"default","ast-page-background-meta":{"desktop":{"background-color":"var(--ast-global-color-4)","background-image":"","background-repeat":"repeat","background-position":"center center","background-size":"auto","background-attachment":"scroll","background-type":"","background-media":"","overlay-type":"","overlay-color":"","overlay-gradient":""},"tablet":{"background-color":"","background-image":"","background-repeat":"repeat","background-position":"center center","background-size":"auto","background-attachment":"scroll","background-type":"","background-media":"","overlay-type":"","overlay-color":"","overlay-gradient":""},"mobile":{"background-color":"","background-image":"","background-repeat":"repeat","background-position":"center center","background-size":"auto","background-attachment":"scroll","background-type":"","background-media":"","overlay-type":"","overlay-color":"","overlay-gradient":""}},"ast-content-background-meta":{"desktop":{"background-color":"var(--ast-global-color-5)","background-image":"","background-repeat":"repeat","background-position":"center center","background-size":"auto","background-attachment":"scroll","background-type":"","background-media":"","overlay-type":"","overlay-color":"","overlay-gradient":""},"tablet":{"background-color":"var(--ast-global-color-5)","background-image":"","background-repeat":"repeat","background-position":"center center","background-size":"auto","background-attachment":"scroll","background-type":"","background-media":"","overlay-type":"","overlay-color":"","overlay-gradient":""},"mobile":{"background-color":"var(--ast-global-color-5)","background-image":"","background-repeat":"repeat","background-position":"center center","background-size":"auto","background-attachment":"scroll","background-type":"","background-media":"","overlay-type":"","overlay-color":"","overlay-gradient":""}},"footnotes":""},"class_list":["post-1436","page","type-page","status-publish","hentry"],"uagb_featured_image_src":{"full":false,"thumbnail":false,"medium":false,"medium_large":false,"large":false,"1536x1536":false,"2048x2048":false},"uagb_author_info":{"display_name":"ecograficas","author_link":"https:\/\/ecograficas.recursodidactico.com\/?author=1"},"uagb_comment_info":0,"uagb_excerpt":"Dise\u00f1a y construye una papelera de reciclaje para la clase con cart\u00f3n corrugado reciclado. Se trata de que elabores un dise\u00f1o original. Utiliza la estructura dada empleando solo colores de proceso.","_links":{"self":[{"href":"https:\/\/ecograficas.recursodidactico.com\/index.php?rest_route=\/wp\/v2\/pages\/1436","targetHints":{"allow":["GET"]}}],"collection":[{"href":"https:\/\/ecograficas.recursodidactico.com\/index.php?rest_route=\/wp\/v2\/pages"}],"about":[{"href":"https:\/\/ecograficas.recursodidactico.com\/index.php?rest_route=\/wp\/v2\/types\/page"}],"author":[{"embeddable":true,"href":"https:\/\/ecograficas.recursodidactico.com\/index.php?rest_route=\/wp\/v2\/users\/1"}],"replies":[{"embeddable":true,"href":"https:\/\/ecograficas.recursodidactico.com\/index.php?rest_route=%2Fwp%2Fv2%2Fcomments&post=1436"}],"version-history":[{"count":8,"href":"https:\/\/ecograficas.recursodidactico.com\/index.php?rest_route=\/wp\/v2\/pages\/1436\/revisions"}],"predecessor-version":[{"id":1471,"href":"https:\/\/ecograficas.recursodidactico.com\/index.php?rest_route=\/wp\/v2\/pages\/1436\/revisions\/1471"}],"up":[{"embeddable":true,"href":"https:\/\/ecograficas.recursodidactico.com\/index.php?rest_route=\/wp\/v2\/pages\/1144"}],"wp:attachment":[{"href":"https:\/\/ecograficas.recursodidactico.com\/index.php?rest_route=%2Fwp%2Fv2%2Fmedia&parent=1436"}],"curies":[{"name":"wp","href":"https:\/\/api.w.org\/{rel}","templated":true}]}}