{"id":1545,"date":"2024-06-02T19:27:33","date_gmt":"2024-06-02T19:27:33","guid":{"rendered":"https:\/\/ecograficas.recursodidactico.com\/?page_id=1545"},"modified":"2024-06-18T10:00:10","modified_gmt":"2024-06-18T10:00:10","slug":"reciclaje-del-papel","status":"publish","type":"page","link":"https:\/\/ecograficas.recursodidactico.com\/?page_id=1545","title":{"rendered":"Reciclaje del papel"},"content":{"rendered":"\n<div class=\"wp-block-uagb-container uagb-block-72f047f2 alignfull uagb-is-root-container\"><div class=\"uagb-container-inner-blocks-wrap\">\n<div class=\"wp-block-columns is-layout-flex wp-container-core-columns-is-layout-28f84493 wp-block-columns-is-layout-flex\">\n<div class=\"wp-block-column is-layout-flow wp-block-column-is-layout-flow\">\n<p>El uso generalizado de fibras recicladas de papel y cart\u00f3n no se dio hasta 1960. El papel recuperado se recoge en: convertidores de papel, distribuidores, impresores, consumidores e instituciones p\u00fablicas.<\/p>\n\n\n\n<p>Si el papel est\u00e1 impreso, hay que separar las tintas y otras sustancias de las fibras porque pueden afectar a la fabricaci\u00f3n o propiedades del papel resultante. Esta operaci\u00f3n se realiza solo cuando se fabrican papeles blancos.<\/p>\n\n\n\n<p>El papel recuperado se desintegra en un pulper a una consistencia de entre un 5% y el 18%. Esta operaci\u00f3n se denomina pulpeo. Para ello se emplea:<\/p>\n\n\n\n<p>Sosa c\u00e1ustica, para que las fibras hinchen m\u00e1s r\u00e1pidamente y que el desprendimiento de las part\u00edculas de tinta se m\u00e1s efectivo.<\/p>\n\n\n\n<p>Silicato s\u00f3dico, para que la dispersi\u00f3n de las tintas sea mejor y prevenir la disposici\u00f3n posterior.<\/p>\n\n\n\n<p>Per\u00f3xido de hidr\u00f3geno, para compensar el amarilleamiento que produce la sosa sobre las fibras de pasta mec\u00e1nica.<\/p>\n\n\n\n<p>Las fibras obtenidas se denominan fibras secundarias aunque tambi\u00e9n se las conoce con el nombre de papelote. Para que un papel se considere reciclado debe tener en su composici\u00f3n, como m\u00ednimo, un 75% de pasta recuperada. El proceso de reutilizaci\u00f3n de fibras para reciclar puede llegar a ser de hasta 8 veces.<\/p>\n\n\n\n<p>Las fibras recicladas tienen una funci\u00f3n muy importante como sustituci\u00f3n de fibras virgenes. La generaci\u00f3n de de residuos s\u00f3lidos aumenta cada a\u00f1o, por lo que la reducci\u00f3n de \u00e9stos y el reciclado son elementos muy importantes para contribuir a unas artes gr\u00e1ficas m\u00e1s sostenibles y respetuosas con el medio ambiente.<\/p>\n\n\n\n<div class=\"wp-block-uagb-info-box uagb-block-e198aa64 uagb-infobox__content-wrap  uagb-infobox-icon-above-title uagb-infobox-image-valign-top\"><div class=\"uagb-ifb-content\"><div class=\"uagb-ifb-icon-wrap\"><svg xmlns=\"https:\/\/www.w3.org\/2000\/svg\" viewBox=\"0 0 512 512\"><path d=\"M0 256C0 114.6 114.6 0 256 0C397.4 0 512 114.6 512 256C512 397.4 397.4 512 256 512C114.6 512 0 397.4 0 256zM371.8 211.8C382.7 200.9 382.7 183.1 371.8 172.2C360.9 161.3 343.1 161.3 332.2 172.2L224 280.4L179.8 236.2C168.9 225.3 151.1 225.3 140.2 236.2C129.3 247.1 129.3 264.9 140.2 275.8L204.2 339.8C215.1 350.7 232.9 350.7 243.8 339.8L371.8 211.8z\"><\/path><\/svg><\/div><div class=\"uagb-ifb-title-wrap\"><h3 class=\"uagb-ifb-title\">Usos<\/h3><\/div><p class=\"uagb-ifb-desc\">&#8211; Publicaciones peri\u00f3dicas.<br>&#8211; Impresi\u00f3n y edici\u00f3n (libros, cat\u00e1logos, etc.).<br>&#8211; Material escolar.<br>&#8211; Material de oficina.<br>&#8211; Envases y embalajes.<br><\/p><\/div><\/div>\n\n\n\n<h4 class=\"wp-block-heading\">\u00bfPor qu\u00e9 es importante reciclar papel?<\/h4>\n\n\n\n<p>El reciclaje del papel es importante porque&nbsp;<strong>permite reducir la cantidad de \u00e1rboles que se tienen que talar para fabricarlo<\/strong>. De media, por cada tonelada de papel y cart\u00f3n que se recicla, se evita la tala de 18 \u00e1rboles.<\/p>\n\n\n\n<h4 class=\"wp-block-heading\">Datos sobre la importancia de reciclar papel<\/h4>\n\n\n\n<p>Como todos sabemos, las plantas y, en especial los \u00e1rboles, son de una importancia esencial a la hora de conservar la vida en la Tierra. Los \u00e1rboles son los responsables de producir el ox\u00edgeno que respiramos.<\/p>\n\n\n\n<p>La mitad de los bosques del planeta han sido arrasados; de los que quedan, el 80% est\u00e1 en muy malas condiciones.<\/p>\n\n\n\n<p><strong>Cuanto menos papel consumamos<\/strong>\u00a0y m\u00e1s reutilicemos y reciclemos,\u00a0<strong>menor n\u00famero de \u00e1rboles ser\u00e1n talados<\/strong>\u00a0para su producci\u00f3n. Esto a su vez repercutir\u00e1 en el cuidado y la conservaci\u00f3n del medio ambiente.<\/p>\n\n\n\n<h4 class=\"wp-block-heading\">Otras&nbsp;razones por las que debemos reciclar papel&nbsp;de forma regular<\/h4>\n\n\n\n<ul class=\"wp-block-list\">\n<li>Favorece el&nbsp;<strong>ahorro de agua y energ\u00eda<\/strong>&nbsp;empleados en la fabricaci\u00f3n del papel. Durante el proceso de reciclaje, se consumen menores cantidades de estos preciados recursos.<\/li>\n\n\n\n<li>Se&nbsp;<strong>reduce el empleo de productos qu\u00edmicos<\/strong>&nbsp;para su elaboraci\u00f3n y la necesidad de acondicionar nuevos espacios para verter los residuos derivados de la producci\u00f3n del papel.<\/li>\n\n\n\n<li><strong>Mejora la calidad del aire<\/strong>&nbsp;que respiramos.<\/li>\n\n\n\n<li>Contribuye a la&nbsp;<strong>preservaci\u00f3n de especies animales y de plantas<\/strong>.<\/li>\n\n\n\n<li>Genera&nbsp;<strong>conciencia y responsabilidad en nuestros c\u00edrculos sociales<\/strong>&nbsp;m\u00e1s cercanos y, adem\u00e1s, se ampl\u00eda el concepto de ciudadan\u00eda global, que apunta a la creaci\u00f3n de amplias redes de personas comprometidas con el medioambiente.<\/li>\n\n\n\n<li><strong>Disminuye la contaminaci\u00f3n del suelo<\/strong>.<\/li>\n<\/ul>\n\n\n\n<p><strong>La&nbsp;fabricaci\u00f3n de papel reciclado&nbsp;utiliza un 62% menos de energ\u00eda y un 86% menos de agua&nbsp;<\/strong>de las que se consumen al fabricar el que se extrae de los \u00e1rboles, generando un&nbsp;<strong>40% menos de gases de efecto invernadero<\/strong>. S\u00f3lo en Espa\u00f1a, durante 2018, se recuperaron 4,5 toneladas de cart\u00f3n y papel, con el consiguiente ahorro de los recursos utilizados.<\/p>\n\n\n\n<p>Adem\u00e1s, en la actualidad, el 40% de la madera que sale de los bosques se utiliza para la fabricaci\u00f3n de papel. Con el reciclaje de todo el papel consumido, este n\u00famero caer\u00eda a la mitad.<\/p>\n\n\n\n<div style=\"height:50px\" aria-hidden=\"true\" class=\"wp-block-spacer\"><\/div>\n<\/div>\n\n\n\n<div class=\"wp-block-column is-layout-flow wp-block-column-is-layout-flow\">\n<iframe loading=\"lazy\" width=\"560\" height=\"315\" src=\"https:\/\/www.youtube.com\/embed\/3iipnx2Lv1M?si=5xR96gjai-xD7vD2\" title=\"YouTube video player\" frameborder=\"0\" allow=\"accelerometer; autoplay; clipboard-write; encrypted-media; gyroscope; picture-in-picture; web-share\" referrerpolicy=\"strict-origin-when-cross-origin\" allowfullscreen><\/iframe>\n\n\n\n<div style=\"height:16px\" aria-hidden=\"true\" class=\"wp-block-spacer\"><\/div>\n\n\n\n<h4 class=\"wp-block-heading\"><\/h4>\n\n\n\n<figure class=\"wp-block-image aligncenter size-full is-resized\"><img loading=\"lazy\" decoding=\"async\" width=\"480\" height=\"1200\" src=\"https:\/\/ecograficas.recursodidactico.com\/wp-content\/uploads\/2024\/05\/Sin-titulo-3.png\" alt=\"Infograf\u00eda sobre el proceso de reciclado del papel con datos relevantes sobre el reciclado en Espa\u00f1a. el 78% del papel producido se recicla, de una tonelada de papel se pueden obtener 750 kilos de papel 100% reciclado.\nProceso de reciclaje: 1. Materia prima (papeles usados), 2. La materia prima se desintegra en el pulper. 3. Se depura a la salida. 4. Se le quita la tinta. 5. Se depura. \" class=\"wp-image-1548\" style=\"width:243px;height:auto\" srcset=\"https:\/\/ecograficas.recursodidactico.com\/wp-content\/uploads\/2024\/05\/Sin-titulo-3.png 480w, https:\/\/ecograficas.recursodidactico.com\/wp-content\/uploads\/2024\/05\/Sin-titulo-3-120x300.png 120w, https:\/\/ecograficas.recursodidactico.com\/wp-content\/uploads\/2024\/05\/Sin-titulo-3-410x1024.png 410w\" sizes=\"auto, (max-width: 480px) 100vw, 480px\" \/><figcaption class=\"wp-element-caption\"><sub>Reciclado de papel<\/sub><\/figcaption><\/figure>\n<\/div>\n<\/div>\n<\/div><\/div>\n","protected":false},"excerpt":{"rendered":"<p>El uso generalizado de fibras recicladas de papel y cart\u00f3n no se dio hasta 1960. El papel recuperado se recoge en: convertidores de papel, distribuidores, impresores, consumidores e instituciones p\u00fablicas. Si el papel est\u00e1 impreso, hay que separar las tintas y otras sustancias de las fibras porque pueden afectar a la fabricaci\u00f3n o propiedades del [&hellip;]<\/p>\n","protected":false},"author":2,"featured_media":0,"parent":1142,"menu_order":0,"comment_status":"closed","ping_status":"closed","template":"","meta":{"_uag_custom_page_level_css":"","site-sidebar-layout":"default","site-content-layout":"","ast-site-content-layout":"default","site-content-style":"default","site-sidebar-style":"default","ast-global-header-display":"","ast-banner-title-visibility":"","ast-main-header-display":"","ast-hfb-above-header-display":"","ast-hfb-below-header-display":"","ast-hfb-mobile-header-display":"","site-post-title":"","ast-breadcrumbs-content":"","ast-featured-img":"","footer-sml-layout":"","theme-transparent-header-meta":"","adv-header-id-meta":"","stick-header-meta":"","header-above-stick-meta":"","header-main-stick-meta":"","header-below-stick-meta":"","astra-migrate-meta-layouts":"set","ast-page-background-enabled":"default","ast-page-background-meta":{"desktop":{"background-color":"var(--ast-global-color-4)","background-image":"","background-repeat":"repeat","background-position":"center center","background-size":"auto","background-attachment":"scroll","background-type":"","background-media":"","overlay-type":"","overlay-color":"","overlay-gradient":""},"tablet":{"background-color":"","background-image":"","background-repeat":"repeat","background-position":"center center","background-size":"auto","background-attachment":"scroll","background-type":"","background-media":"","overlay-type":"","overlay-color":"","overlay-gradient":""},"mobile":{"background-color":"","background-image":"","background-repeat":"repeat","background-position":"center center","background-size":"auto","background-attachment":"scroll","background-type":"","background-media":"","overlay-type":"","overlay-color":"","overlay-gradient":""}},"ast-content-background-meta":{"desktop":{"background-color":"var(--ast-global-color-5)","background-image":"","background-repeat":"repeat","background-position":"center center","background-size":"auto","background-attachment":"scroll","background-type":"","background-media":"","overlay-type":"","overlay-color":"","overlay-gradient":""},"tablet":{"background-color":"var(--ast-global-color-5)","background-image":"","background-repeat":"repeat","background-position":"center center","background-size":"auto","background-attachment":"scroll","background-type":"","background-media":"","overlay-type":"","overlay-color":"","overlay-gradient":""},"mobile":{"background-color":"var(--ast-global-color-5)","background-image":"","background-repeat":"repeat","background-position":"center center","background-size":"auto","background-attachment":"scroll","background-type":"","background-media":"","overlay-type":"","overlay-color":"","overlay-gradient":""}},"footnotes":""},"class_list":["post-1545","page","type-page","status-publish","hentry"],"uagb_featured_image_src":{"full":false,"thumbnail":false,"medium":false,"medium_large":false,"large":false,"1536x1536":false,"2048x2048":false},"uagb_author_info":{"display_name":"Jose Carlos Velasco","author_link":"https:\/\/ecograficas.recursodidactico.com\/?author=2"},"uagb_comment_info":0,"uagb_excerpt":"El uso generalizado de fibras recicladas de papel y cart\u00f3n no se dio hasta 1960. El papel recuperado se recoge en: convertidores de papel, distribuidores, impresores, consumidores e instituciones p\u00fablicas. Si el papel est\u00e1 impreso, hay que separar las tintas y otras sustancias de las fibras porque pueden afectar a la fabricaci\u00f3n o propiedades del&hellip;","_links":{"self":[{"href":"https:\/\/ecograficas.recursodidactico.com\/index.php?rest_route=\/wp\/v2\/pages\/1545","targetHints":{"allow":["GET"]}}],"collection":[{"href":"https:\/\/ecograficas.recursodidactico.com\/index.php?rest_route=\/wp\/v2\/pages"}],"about":[{"href":"https:\/\/ecograficas.recursodidactico.com\/index.php?rest_route=\/wp\/v2\/types\/page"}],"author":[{"embeddable":true,"href":"https:\/\/ecograficas.recursodidactico.com\/index.php?rest_route=\/wp\/v2\/users\/2"}],"replies":[{"embeddable":true,"href":"https:\/\/ecograficas.recursodidactico.com\/index.php?rest_route=%2Fwp%2Fv2%2Fcomments&post=1545"}],"version-history":[{"count":9,"href":"https:\/\/ecograficas.recursodidactico.com\/index.php?rest_route=\/wp\/v2\/pages\/1545\/revisions"}],"predecessor-version":[{"id":1950,"href":"https:\/\/ecograficas.recursodidactico.com\/index.php?rest_route=\/wp\/v2\/pages\/1545\/revisions\/1950"}],"up":[{"embeddable":true,"href":"https:\/\/ecograficas.recursodidactico.com\/index.php?rest_route=\/wp\/v2\/pages\/1142"}],"wp:attachment":[{"href":"https:\/\/ecograficas.recursodidactico.com\/index.php?rest_route=%2Fwp%2Fv2%2Fmedia&parent=1545"}],"curies":[{"name":"wp","href":"https:\/\/api.w.org\/{rel}","templated":true}]}}