{"id":1973,"date":"2024-06-22T08:26:49","date_gmt":"2024-06-22T08:26:49","guid":{"rendered":"https:\/\/ecograficas.recursodidactico.com\/?page_id=1973"},"modified":"2024-06-22T08:26:49","modified_gmt":"2024-06-22T08:26:49","slug":"politica-de-privacidad","status":"publish","type":"page","link":"https:\/\/ecograficas.recursodidactico.com\/?page_id=1973","title":{"rendered":"Pol\u00edtica de privacidad"},"content":{"rendered":"\n<p>A trav\u00e9s de este sitio web no se recaban datos de car\u00e1cter personal de las personas usuarias sin su conocimiento, ni se ceden a terceros.<\/p>\n\n\n\n<p>Con la finalidad de ofrecerle el mejor servicio y con el objeto de facilitar el uso, se analizan el n\u00famero de p\u00e1ginas visitadas, el n\u00famero de visitas, as\u00ed como la actividad de las persona visitantes y su frecuencia de utilizaci\u00f3n. A estos efectos, RecursoDid\u00e1ctico.com utiliza la informaci\u00f3n estad\u00edstica elaborada por el Proveedor de Servicios de Internet.<\/p>\n\n\n\n<p>RecursoDid\u00e1ctico.com no utiliza cookies para recoger informaci\u00f3n de las personas usuarias, ni registra las direcciones IP de acceso. \u00danicamente se utilizan cookies propias, de sesi\u00f3n, con finalidad t\u00e9cnica (aquellas que permiten la navegaci\u00f3n a trav\u00e9s del sitio web y la utilizaci\u00f3n de las diferentes opciones y servicios que en ella existen).<\/p>\n\n\n\n<p>El portal del que es titular RecursoDid\u00e1ctico.com contiene enlaces a sitios web de terceros, cuyas pol\u00edticas de privacidad son ajenas a la de la AEPD. Al acceder a tales sitios web usted puede decidir si acepta sus pol\u00edticas de privacidad y de cookies. Con car\u00e1cter general, si navega por internet usted puede aceptar o rechazar las cookies de terceros desde las opciones de configuraci\u00f3n de su navegador.<\/p>\n\n\n\n<h3 class=\"wp-block-heading\"><strong>Informaci\u00f3n b\u00e1sica sobre protecci\u00f3n de datos<\/strong><\/h3>\n\n\n\n<p>A continuaci\u00f3n le informamos sobre la pol\u00edtica de protecci\u00f3n de datos de RecursoDid\u00e1ctico.com.<\/p>\n\n\n\n<h3 class=\"wp-block-heading\"><strong>Responsable del tratamiento<\/strong><\/h3>\n\n\n\n<p>Los datos de car\u00e1cter personal que se pudieran recabar directamente de la persona interesada ser\u00e1n tratados de forma confidencial y quedar\u00e1n incorporados a la correspondiente actividad de tratamiento titularidad de RecursoDid\u00e1ctico.com.<\/p>\n\n\n\n<h3 class=\"wp-block-heading\"><strong>Conservaci\u00f3n de datos<\/strong><\/h3>\n\n\n\n<p>Los datos personales proporcionados se conservar\u00e1n durante el tiempo necesario para cumplir con la finalidad para la que se recaban y para determinar las posibles responsabilidades que se pudieran derivar de la finalidad, adem\u00e1s de los per\u00edodos establecidos en la normativa de archivos y documentaci\u00f3n.<\/p>\n\n\n\n<h3 class=\"wp-block-heading\"><strong>Comunicaci\u00f3n de datos<\/strong><\/h3>\n\n\n\n<p>Con car\u00e1cter general no se comunicar\u00e1n los datos personales a terceros, salvo obligaci\u00f3n legal, entre las que pueden estar las comunicaciones al Defensor del Pueblo, Jueces y Tribunales, personas interesadas en los procedimientos relacionados con la reclamaciones presentadas.<\/p>\n\n\n\n<h3 class=\"wp-block-heading\"><strong>Derechos de las personas interesadas<\/strong><\/h3>\n\n\n\n<p>Para solicitar el acceso, la rectificaci\u00f3n, supresi\u00f3n o limitaci\u00f3n del tratamiento de los datos personales o a oponerse al tratamiento, en el caso de se den los requisitos establecidos en el Reglamento General de Protecci\u00f3n de Datos, as\u00ed como en la Ley Org\u00e1nica 3\/2018, de 5 de diciembre, de Protecci\u00f3n de Datos Personal y garant\u00eda de los derechos digitales, puede dirigir un escrito al responsable del tratamiento, en este caso, josecav@gmail.com<\/p>\n","protected":false},"excerpt":{"rendered":"<p>A trav\u00e9s de este sitio web no se recaban datos de car\u00e1cter personal de las personas usuarias sin su conocimiento, ni se ceden a terceros. Con la finalidad de ofrecerle el mejor servicio y con el objeto de facilitar el uso, se analizan el n\u00famero de p\u00e1ginas visitadas, el n\u00famero de visitas, as\u00ed como la [&hellip;]<\/p>\n","protected":false},"author":2,"featured_media":0,"parent":0,"menu_order":0,"comment_status":"closed","ping_status":"closed","template":"","meta":{"_uag_custom_page_level_css":"","site-sidebar-layout":"default","site-content-layout":"","ast-site-content-layout":"default","site-content-style":"default","site-sidebar-style":"default","ast-global-header-display":"","ast-banner-title-visibility":"","ast-main-header-display":"","ast-hfb-above-header-display":"","ast-hfb-below-header-display":"","ast-hfb-mobile-header-display":"","site-post-title":"","ast-breadcrumbs-content":"","ast-featured-img":"","footer-sml-layout":"","theme-transparent-header-meta":"","adv-header-id-meta":"","stick-header-meta":"","header-above-stick-meta":"","header-main-stick-meta":"","header-below-stick-meta":"","astra-migrate-meta-layouts":"set","ast-page-background-enabled":"default","ast-page-background-meta":{"desktop":{"background-color":"var(--ast-global-color-4)","background-image":"","background-repeat":"repeat","background-position":"center center","background-size":"auto","background-attachment":"scroll","background-type":"","background-media":"","overlay-type":"","overlay-color":"","overlay-gradient":""},"tablet":{"background-color":"","background-image":"","background-repeat":"repeat","background-position":"center center","background-size":"auto","background-attachment":"scroll","background-type":"","background-media":"","overlay-type":"","overlay-color":"","overlay-gradient":""},"mobile":{"background-color":"","background-image":"","background-repeat":"repeat","background-position":"center center","background-size":"auto","background-attachment":"scroll","background-type":"","background-media":"","overlay-type":"","overlay-color":"","overlay-gradient":""}},"ast-content-background-meta":{"desktop":{"background-color":"var(--ast-global-color-5)","background-image":"","background-repeat":"repeat","background-position":"center center","background-size":"auto","background-attachment":"scroll","background-type":"","background-media":"","overlay-type":"","overlay-color":"","overlay-gradient":""},"tablet":{"background-color":"var(--ast-global-color-5)","background-image":"","background-repeat":"repeat","background-position":"center center","background-size":"auto","background-attachment":"scroll","background-type":"","background-media":"","overlay-type":"","overlay-color":"","overlay-gradient":""},"mobile":{"background-color":"var(--ast-global-color-5)","background-image":"","background-repeat":"repeat","background-position":"center center","background-size":"auto","background-attachment":"scroll","background-type":"","background-media":"","overlay-type":"","overlay-color":"","overlay-gradient":""}},"footnotes":""},"class_list":["post-1973","page","type-page","status-publish","hentry"],"uagb_featured_image_src":{"full":false,"thumbnail":false,"medium":false,"medium_large":false,"large":false,"1536x1536":false,"2048x2048":false},"uagb_author_info":{"display_name":"Jose Carlos Velasco","author_link":"https:\/\/ecograficas.recursodidactico.com\/?author=2"},"uagb_comment_info":0,"uagb_excerpt":"A trav\u00e9s de este sitio web no se recaban datos de car\u00e1cter personal de las personas usuarias sin su conocimiento, ni se ceden a terceros. Con la finalidad de ofrecerle el mejor servicio y con el objeto de facilitar el uso, se analizan el n\u00famero de p\u00e1ginas visitadas, el n\u00famero de visitas, as\u00ed como la&hellip;","_links":{"self":[{"href":"https:\/\/ecograficas.recursodidactico.com\/index.php?rest_route=\/wp\/v2\/pages\/1973","targetHints":{"allow":["GET"]}}],"collection":[{"href":"https:\/\/ecograficas.recursodidactico.com\/index.php?rest_route=\/wp\/v2\/pages"}],"about":[{"href":"https:\/\/ecograficas.recursodidactico.com\/index.php?rest_route=\/wp\/v2\/types\/page"}],"author":[{"embeddable":true,"href":"https:\/\/ecograficas.recursodidactico.com\/index.php?rest_route=\/wp\/v2\/users\/2"}],"replies":[{"embeddable":true,"href":"https:\/\/ecograficas.recursodidactico.com\/index.php?rest_route=%2Fwp%2Fv2%2Fcomments&post=1973"}],"version-history":[{"count":2,"href":"https:\/\/ecograficas.recursodidactico.com\/index.php?rest_route=\/wp\/v2\/pages\/1973\/revisions"}],"predecessor-version":[{"id":1978,"href":"https:\/\/ecograficas.recursodidactico.com\/index.php?rest_route=\/wp\/v2\/pages\/1973\/revisions\/1978"}],"wp:attachment":[{"href":"https:\/\/ecograficas.recursodidactico.com\/index.php?rest_route=%2Fwp%2Fv2%2Fmedia&parent=1973"}],"curies":[{"name":"wp","href":"https:\/\/api.w.org\/{rel}","templated":true}]}}