{"id":931,"date":"2023-12-25T21:51:50","date_gmt":"2023-12-25T21:51:50","guid":{"rendered":"https:\/\/ecograficas.recursodidactico.com\/?page_id=931"},"modified":"2024-06-18T09:34:52","modified_gmt":"2024-06-18T09:34:52","slug":"ecodiseno","status":"publish","type":"page","link":"https:\/\/ecograficas.recursodidactico.com\/?page_id=931","title":{"rendered":"\u00bfQu\u00e9 es el ecodise\u00f1o?"},"content":{"rendered":"\n<div class=\"wp-block-columns is-layout-flex wp-container-core-columns-is-layout-28f84493 wp-block-columns-is-layout-flex\">\n<div class=\"wp-block-column is-layout-flow wp-block-column-is-layout-flow\">\n<p>El ecodise\u00f1o se centra en integrar consideraciones ambientales y sostenibles en el dise\u00f1o gr\u00e1fico. Busca minimizar el impacto ambiental de los productos gr\u00e1ficos, como envases y embalajes, publicidad, e impresiones, entre otros, a lo largo de su ciclo de vida, desde su concepci\u00f3n hasta el producto final.<\/p>\n\n\n\n<p>Tiene en cuenta la utilizaci\u00f3n de materiales reciclados, biodegradables o provenientes de fuentes renovables en la producci\u00f3n de materiales gr\u00e1ficos. Sabes escoger los m\u00e1s apropiados y sostenibles es fundamental. si optimizamos el uso de tinta, papel y otros recursos durante el proceso de producci\u00f3n para reducir la cantidad de deshechos, conseguiremos gran eficiencia en el uso de los recursos y un gran ahorro econ\u00f3mico.&nbsp;<\/p>\n\n\n\n<p>Es de gran importancia escoger un sistema de impresi\u00f3n que reduzca el consumo de energ\u00eda y que utilice productos con bajo o con ning\u00fan producto qu\u00edmico nocivo para el medioambiente.&nbsp;<\/p>\n\n\n\n<p>Dise\u00f1ar\u00a0<em>packagings<\/em>\u00a0que sean reciclables, reutilizables o biodegradables, y que generen la menor cantidad posible de residuos, es fundamental en una sociedad en la que estamos rodeados de envases.<\/p>\n\n\n\n<p>A la vez, se pueden Incorporar mensajes ambientales en el dise\u00f1o para sensibilizar a los usuarios sobre pr\u00e1cticas sostenibles y fomentar comportamientos responsables.<\/p>\n\n\n\n<p>El ecodise\u00f1o gr\u00e1fico es parte de un enfoque m\u00e1s amplio hacia el dise\u00f1o sostenible, que busca equilibrar las necesidades humanas con la preservaci\u00f3n del medio ambiente. Al adoptar pr\u00e1cticas de dise\u00f1o sostenible, los profesionales del dise\u00f1o gr\u00e1fico contribuyen a la construcci\u00f3n de un mundo m\u00e1s sostenible y respetuoso con el&nbsp;medioambiente.<\/p>\n<\/div>\n\n\n\n<div class=\"wp-block-column is-layout-flow wp-block-column-is-layout-flow\">\n<iframe loading=\"lazy\" width=\"560\" height=\"315\" src=\"https:\/\/www.youtube.com\/embed\/KSyWAQAxxu8?si=M8-ZQcv-uTMoKfJ9\" title=\"YouTube video player\" frameborder=\"0\" allow=\"accelerometer; autoplay; clipboard-write; encrypted-media; gyroscope; picture-in-picture; web-share\" referrerpolicy=\"strict-origin-when-cross-origin\" allowfullscreen><\/iframe>\n\n\n\n<p><\/p>\n\n\n\n<p><\/p>\n<\/div>\n<\/div>\n","protected":false},"excerpt":{"rendered":"<p>El ecodise\u00f1o se centra en integrar consideraciones ambientales y sostenibles en el dise\u00f1o gr\u00e1fico. Busca minimizar el impacto ambiental de los productos gr\u00e1ficos, como envases y embalajes, publicidad, e impresiones, entre otros, a lo largo de su ciclo de vida, desde su concepci\u00f3n hasta el producto final. Tiene en cuenta la utilizaci\u00f3n de materiales reciclados, [&hellip;]<\/p>\n","protected":false},"author":2,"featured_media":0,"parent":0,"menu_order":0,"comment_status":"closed","ping_status":"closed","template":"","meta":{"_uag_custom_page_level_css":"","site-sidebar-layout":"default","site-content-layout":"","ast-site-content-layout":"default","site-content-style":"default","site-sidebar-style":"default","ast-global-header-display":"","ast-banner-title-visibility":"","ast-main-header-display":"","ast-hfb-above-header-display":"","ast-hfb-below-header-display":"","ast-hfb-mobile-header-display":"","site-post-title":"","ast-breadcrumbs-content":"","ast-featured-img":"","footer-sml-layout":"","theme-transparent-header-meta":"","adv-header-id-meta":"","stick-header-meta":"","header-above-stick-meta":"","header-main-stick-meta":"","header-below-stick-meta":"","astra-migrate-meta-layouts":"set","ast-page-background-enabled":"default","ast-page-background-meta":{"desktop":{"background-color":"var(--ast-global-color-4)","background-image":"","background-repeat":"repeat","background-position":"center center","background-size":"auto","background-attachment":"scroll","background-type":"","background-media":"","overlay-type":"","overlay-color":"","overlay-gradient":""},"tablet":{"background-color":"","background-image":"","background-repeat":"repeat","background-position":"center center","background-size":"auto","background-attachment":"scroll","background-type":"","background-media":"","overlay-type":"","overlay-color":"","overlay-gradient":""},"mobile":{"background-color":"","background-image":"","background-repeat":"repeat","background-position":"center center","background-size":"auto","background-attachment":"scroll","background-type":"","background-media":"","overlay-type":"","overlay-color":"","overlay-gradient":""}},"ast-content-background-meta":{"desktop":{"background-color":"var(--ast-global-color-5)","background-image":"","background-repeat":"repeat","background-position":"center center","background-size":"auto","background-attachment":"scroll","background-type":"","background-media":"","overlay-type":"","overlay-color":"","overlay-gradient":""},"tablet":{"background-color":"var(--ast-global-color-5)","background-image":"","background-repeat":"repeat","background-position":"center center","background-size":"auto","background-attachment":"scroll","background-type":"","background-media":"","overlay-type":"","overlay-color":"","overlay-gradient":""},"mobile":{"background-color":"var(--ast-global-color-5)","background-image":"","background-repeat":"repeat","background-position":"center center","background-size":"auto","background-attachment":"scroll","background-type":"","background-media":"","overlay-type":"","overlay-color":"","overlay-gradient":""}},"footnotes":""},"class_list":["post-931","page","type-page","status-publish","hentry"],"uagb_featured_image_src":{"full":false,"thumbnail":false,"medium":false,"medium_large":false,"large":false,"1536x1536":false,"2048x2048":false},"uagb_author_info":{"display_name":"Jose Carlos Velasco","author_link":"https:\/\/ecograficas.recursodidactico.com\/?author=2"},"uagb_comment_info":0,"uagb_excerpt":"El ecodise\u00f1o se centra en integrar consideraciones ambientales y sostenibles en el dise\u00f1o gr\u00e1fico. Busca minimizar el impacto ambiental de los productos gr\u00e1ficos, como envases y embalajes, publicidad, e impresiones, entre otros, a lo largo de su ciclo de vida, desde su concepci\u00f3n hasta el producto final. Tiene en cuenta la utilizaci\u00f3n de materiales reciclados,&hellip;","_links":{"self":[{"href":"https:\/\/ecograficas.recursodidactico.com\/index.php?rest_route=\/wp\/v2\/pages\/931","targetHints":{"allow":["GET"]}}],"collection":[{"href":"https:\/\/ecograficas.recursodidactico.com\/index.php?rest_route=\/wp\/v2\/pages"}],"about":[{"href":"https:\/\/ecograficas.recursodidactico.com\/index.php?rest_route=\/wp\/v2\/types\/page"}],"author":[{"embeddable":true,"href":"https:\/\/ecograficas.recursodidactico.com\/index.php?rest_route=\/wp\/v2\/users\/2"}],"replies":[{"embeddable":true,"href":"https:\/\/ecograficas.recursodidactico.com\/index.php?rest_route=%2Fwp%2Fv2%2Fcomments&post=931"}],"version-history":[{"count":9,"href":"https:\/\/ecograficas.recursodidactico.com\/index.php?rest_route=\/wp\/v2\/pages\/931\/revisions"}],"predecessor-version":[{"id":1921,"href":"https:\/\/ecograficas.recursodidactico.com\/index.php?rest_route=\/wp\/v2\/pages\/931\/revisions\/1921"}],"wp:attachment":[{"href":"https:\/\/ecograficas.recursodidactico.com\/index.php?rest_route=%2Fwp%2Fv2%2Fmedia&parent=931"}],"curies":[{"name":"wp","href":"https:\/\/api.w.org\/{rel}","templated":true}]}}